{"id":1406,"date":"2021-11-17T17:26:14","date_gmt":"2021-11-18T01:26:14","guid":{"rendered":"https:\/\/youngandpretty.com\/tuba-nang-nguc-khong-seo\/"},"modified":"2021-11-18T23:07:07","modified_gmt":"2021-11-19T07:07:07","slug":"tuba-nang-nguc-khong-seo","status":"publish","type":"page","link":"https:\/\/thenoblecare.com\/vi\/tuba-nang-nguc-khong-seo\/","title":{"rendered":"TUBA N\u00c2NG NG\u1ef0C Kh\u00f4ng L\u01afU TH\u1eb8O qua R\u1ed0N"},"content":{"rendered":"<div class=\"fusion-fullwidth fullwidth-box fusion-builder-row-1 fusion-flex-container nonhundred-percent-fullwidth non-hundred-percent-height-scrolling\" style=\"background-color: rgba(255,255,255,0);background-position: center center;background-repeat: no-repeat;border-width: 0px 0px 0px 0px;border-color:#e2e2e2;border-style:solid;\" ><div class=\"fusion-builder-row fusion-row fusion-flex-align-items-flex-start\" style=\"max-width:1248px;margin-left: calc(-4% \/ 2 );margin-right: calc(-4% \/ 2 );\"><div class=\"fusion-layout-column fusion_builder_column fusion-builder-column-0 fusion_builder_column_1_1 1_1 fusion-flex-column\"><div class=\"fusion-column-wrapper fusion-flex-justify-content-flex-start fusion-content-layout-column fusion-content-nowrap\" style=\"background-position:left top;background-repeat:no-repeat;-webkit-background-size:cover;-moz-background-size:cover;-o-background-size:cover;background-size:cover;padding: 0px 0px 0px 0px;\"><style type=\"text\/css\">@media only screen and (max-width:1024px) {.fusion-title.fusion-title-1{margin-top:10px!important; margin-right:0px!important;margin-bottom:15px!important;margin-left:0px!important;}}@media only screen and (max-width:640px) {.fusion-title.fusion-title-1{margin-top:10px!important; margin-right:0px!important;margin-bottom:10px!important; margin-left:0px!important;}}<\/style><div class=\"fusion-title title fusion-title-1 fusion-title-center fusion-title-text fusion-title-size-six\" style=\"margin-top:10px;margin-right:0px;margin-bottom:15px;margin-left:0px;\"><div class=\"title-sep-container title-sep-container-left\"><div class=\"title-sep sep-double sep-solid\" style=\"border-color:#e2e2e2;\"><\/div><\/div><span class=\"awb-title-spacer\"><\/span><h6 class=\"title-heading-center\" style=\"margin:0;\"><p>TUBA N\u00e2ng Ng\u1ef1c qua R\u1ed1n &#8211; Kh\u00f4ng L\u01b0u Th\u1eb9o tr\u00ean ng\u1ef1c<\/p>\n<p>hay c\u00f2n g\u1ecdi l\u00e0: N\u00c2NG NG\u1ef0C Kh\u00f4ng L\u01afU TH\u1eb8O qua R\u1ed0N<\/p>\n<p>ho\u1eb7c N\u00e2ng Ng\u1ef1c qua R\u1ed1n<\/p><\/h6><span class=\"awb-title-spacer\"><\/span><div class=\"title-sep-container title-sep-container-right\"><div class=\"title-sep sep-double sep-solid\" style=\"border-color:#e2e2e2;\"><\/div><\/div><\/div><div class=\"fusion-text fusion-text-1\"><p><a href=\"https:\/\/thenoblecare.com\/vi\/tuba-nang-nguc-khong-seo\/\" target=\"_blank\" rel=\"noopener\"><span style=\"color: #0000ff;\"><strong>N\u00e2ng Ng\u1ef1c qua \u0111\u01b0\u1eddng R\u1ed1n<\/strong><\/span><\/a> : cc\u00f2n \u0111\u01b0\u1ee3c g\u1ecdi l\u00e0 TUBA (Trans-Umbilical Breast Augmentation) N\u00e2ng Ng\u1ef1c qua R\u1ed1n &#8211; Kh\u00f4ng L\u01b0u Th\u1eb9o tr\u00ean ng\u1ef1c. T.U.B.A. (hay TUBA) l\u00e0 vi\u1ebft t\u1eaft c\u1ee7a Trans-Umbilical Breast Augmentation ngh\u0129a l\u00e0 N\u00e2ng Ng\u1ef1c qua R\u1ed1n Kh\u00f4ng L\u01b0u Th\u1eb9o Ph\u01b0\u01a1ng ph\u00e1p n\u00e2ng ng\u1ef1c n\u00e0y \u0111\u01b0\u1ee3c B\u00e1c s\u0129 Nguy\u1ec5n H\u1ea3i Tu\u1ea5n th\u1ef1c hi\u1ec7n qua \u0111\u01b0\u1eddng r\u1ed1n c\u1ee7a b\u1ea1n v\u00e0 kh\u00f4ng \u0111\u1ec3 l\u1ea1i s\u1eb9o tr\u00ean b\u1ea7u ng\u1ef1c, g\u1ecdi l\u00e0 N\u00e2ng ng\u1ef1c \u201cKh\u00f4ng Th\u1eb9o\u201d.<\/p>\n<\/div><div style=\"text-align:center;\"><span class=\" fusion-imageframe imageframe-none imageframe-1 hover-type-none\"><img decoding=\"async\" width=\"600\" height=\"58\" title=\"NCOSC_EnEsVN_TUBA_20040412_A0-3\" src=\"https:\/\/thenoblecare.com\/wp-content\/uploads\/2021\/02\/NCOSC_EnEsVN_TUBA_20040412_A0-3.jpg\" alt class=\"img-responsive wp-image-1280\" srcset=\"https:\/\/thenoblecare.com\/wp-content\/uploads\/2021\/02\/NCOSC_EnEsVN_TUBA_20040412_A0-3-200x19.jpg 200w, https:\/\/thenoblecare.com\/wp-content\/uploads\/2021\/02\/NCOSC_EnEsVN_TUBA_20040412_A0-3-400x39.jpg 400w, https:\/\/thenoblecare.com\/wp-content\/uploads\/2021\/02\/NCOSC_EnEsVN_TUBA_20040412_A0-3.jpg 600w\" sizes=\"(max-width: 640px) 100vw, 600px\" \/><\/span><\/div><div style=\"text-align:center;\"><span class=\" fusion-imageframe imageframe-none imageframe-2 hover-type-none\"><img decoding=\"async\" width=\"600\" height=\"329\" title=\"NCOSC_EnEsVN_TUBA_20040412_A1\" src=\"https:\/\/thenoblecare.com\/wp-content\/uploads\/2021\/02\/NCOSC_EnEsVN_TUBA_20040412_A1.jpg\" alt class=\"img-responsive wp-image-1276\" srcset=\"https:\/\/thenoblecare.com\/wp-content\/uploads\/2021\/02\/NCOSC_EnEsVN_TUBA_20040412_A1-200x110.jpg 200w, https:\/\/thenoblecare.com\/wp-content\/uploads\/2021\/02\/NCOSC_EnEsVN_TUBA_20040412_A1-400x219.jpg 400w, https:\/\/thenoblecare.com\/wp-content\/uploads\/2021\/02\/NCOSC_EnEsVN_TUBA_20040412_A1.jpg 600w\" sizes=\"(max-width: 640px) 100vw, 600px\" \/><\/span><\/div><div class=\"fusion-separator fusion-full-width-sep\" style=\"align-self: center;margin-left: auto;margin-right: auto;width:100%;\"><div class=\"fusion-separator-border sep-double\" style=\"border-color:#e2e2e2;border-top-width:1px;border-bottom-width:1px;\"><\/div><\/div><div style=\"text-align:center;\"><span class=\" fusion-imageframe imageframe-none imageframe-3 hover-type-none\"><img decoding=\"async\" width=\"600\" height=\"58\" title=\"NCOSC_EnEsVN_TUBA_20040412_A0-3\" src=\"https:\/\/thenoblecare.com\/wp-content\/uploads\/2021\/02\/NCOSC_EnEsVN_TUBA_20040412_A0-3.jpg\" alt class=\"img-responsive wp-image-1280\" srcset=\"https:\/\/thenoblecare.com\/wp-content\/uploads\/2021\/02\/NCOSC_EnEsVN_TUBA_20040412_A0-3-200x19.jpg 200w, https:\/\/thenoblecare.com\/wp-content\/uploads\/2021\/02\/NCOSC_EnEsVN_TUBA_20040412_A0-3-400x39.jpg 400w, https:\/\/thenoblecare.com\/wp-content\/uploads\/2021\/02\/NCOSC_EnEsVN_TUBA_20040412_A0-3.jpg 600w\" sizes=\"(max-width: 640px) 100vw, 600px\" \/><\/span><\/div><div style=\"text-align:center;\"><span class=\" fusion-imageframe imageframe-none imageframe-4 hover-type-none\"><img decoding=\"async\" width=\"600\" height=\"328\" title=\"NCOSC_EnEsVN_TUBA_20040412_3A\" src=\"https:\/\/thenoblecare.com\/wp-content\/uploads\/2021\/02\/NCOSC_EnEsVN_TUBA_20040412_3A.jpg\" alt class=\"img-responsive wp-image-1264\" srcset=\"https:\/\/thenoblecare.com\/wp-content\/uploads\/2021\/02\/NCOSC_EnEsVN_TUBA_20040412_3A-200x109.jpg 200w, https:\/\/thenoblecare.com\/wp-content\/uploads\/2021\/02\/NCOSC_EnEsVN_TUBA_20040412_3A-400x219.jpg 400w, https:\/\/thenoblecare.com\/wp-content\/uploads\/2021\/02\/NCOSC_EnEsVN_TUBA_20040412_3A.jpg 600w\" sizes=\"(max-width: 640px) 100vw, 600px\" \/><\/span><\/div><div style=\"text-align:center;\"><span class=\" fusion-imageframe imageframe-none imageframe-5 hover-type-none\"><img decoding=\"async\" width=\"600\" height=\"322\" title=\"NCOSC_EnEsVN_TUBA_20040412_3B\" src=\"https:\/\/thenoblecare.com\/wp-content\/uploads\/2021\/02\/NCOSC_EnEsVN_TUBA_20040412_3B.jpg\" alt class=\"img-responsive wp-image-1265\" srcset=\"https:\/\/thenoblecare.com\/wp-content\/uploads\/2021\/02\/NCOSC_EnEsVN_TUBA_20040412_3B-200x107.jpg 200w, https:\/\/thenoblecare.com\/wp-content\/uploads\/2021\/02\/NCOSC_EnEsVN_TUBA_20040412_3B-400x215.jpg 400w, https:\/\/thenoblecare.com\/wp-content\/uploads\/2021\/02\/NCOSC_EnEsVN_TUBA_20040412_3B.jpg 600w\" sizes=\"(max-width: 640px) 100vw, 600px\" \/><\/span><\/div><div class=\"fusion-separator fusion-full-width-sep\" style=\"align-self: center;margin-left: auto;margin-right: auto;width:100%;\"><div class=\"fusion-separator-border sep-double\" style=\"border-color:#e2e2e2;border-top-width:1px;border-bottom-width:1px;\"><\/div><\/div><div style=\"text-align:center;\"><span class=\" fusion-imageframe imageframe-none imageframe-6 hover-type-none\"><img decoding=\"async\" width=\"600\" height=\"58\" title=\"NCOSC_EnEsVN_TUBA_20040412_A0-3\" src=\"https:\/\/thenoblecare.com\/wp-content\/uploads\/2021\/02\/NCOSC_EnEsVN_TUBA_20040412_A0-3.jpg\" alt class=\"img-responsive wp-image-1280\" srcset=\"https:\/\/thenoblecare.com\/wp-content\/uploads\/2021\/02\/NCOSC_EnEsVN_TUBA_20040412_A0-3-200x19.jpg 200w, https:\/\/thenoblecare.com\/wp-content\/uploads\/2021\/02\/NCOSC_EnEsVN_TUBA_20040412_A0-3-400x39.jpg 400w, https:\/\/thenoblecare.com\/wp-content\/uploads\/2021\/02\/NCOSC_EnEsVN_TUBA_20040412_A0-3.jpg 600w\" sizes=\"(max-width: 640px) 100vw, 600px\" \/><\/span><\/div><div style=\"text-align:center;\"><span class=\" fusion-imageframe imageframe-none imageframe-7 hover-type-none\"><img decoding=\"async\" width=\"600\" height=\"328\" title=\"NCOSC_EnEsVN_TUBA_20040412_2A\" src=\"https:\/\/thenoblecare.com\/wp-content\/uploads\/2021\/02\/NCOSC_EnEsVN_TUBA_20040412_2A.jpg\" alt class=\"img-responsive wp-image-1262\" srcset=\"https:\/\/thenoblecare.com\/wp-content\/uploads\/2021\/02\/NCOSC_EnEsVN_TUBA_20040412_2A-200x109.jpg 200w, https:\/\/thenoblecare.com\/wp-content\/uploads\/2021\/02\/NCOSC_EnEsVN_TUBA_20040412_2A-400x219.jpg 400w, https:\/\/thenoblecare.com\/wp-content\/uploads\/2021\/02\/NCOSC_EnEsVN_TUBA_20040412_2A.jpg 600w\" sizes=\"(max-width: 640px) 100vw, 600px\" \/><\/span><\/div><div style=\"text-align:center;\"><span class=\" fusion-imageframe imageframe-none imageframe-8 hover-type-none\"><img decoding=\"async\" width=\"600\" height=\"329\" title=\"NCOSC_EnEsVN_TUBA_20040412_2B\" src=\"https:\/\/thenoblecare.com\/wp-content\/uploads\/2021\/02\/NCOSC_EnEsVN_TUBA_20040412_2B.jpg\" alt class=\"img-responsive wp-image-1263\" srcset=\"https:\/\/thenoblecare.com\/wp-content\/uploads\/2021\/02\/NCOSC_EnEsVN_TUBA_20040412_2B-200x110.jpg 200w, https:\/\/thenoblecare.com\/wp-content\/uploads\/2021\/02\/NCOSC_EnEsVN_TUBA_20040412_2B-400x219.jpg 400w, https:\/\/thenoblecare.com\/wp-content\/uploads\/2021\/02\/NCOSC_EnEsVN_TUBA_20040412_2B.jpg 600w\" sizes=\"(max-width: 640px) 100vw, 600px\" \/><\/span><\/div><div class=\"fusion-section-separator section-separator horizon fusion-section-separator-1\"><div class=\"fusion-section-separator-svg\" style=\"font-size:0;line-height:0;\"><svg class=\"fusion-horizon-candy\" fill=\"#607d8b\" xmlns=\"http:\/\/www.w3.org\/2000\/svg\" version=\"1.1\" width=\"100%\" viewBox=\"0 -0.5 1024 178\" preserveAspectRatio=\"none\" fill=\"rgba(96,125,139,1)\"><path class=\"st0\" d=\"M1024 177.371H0V.219l507.699 133.939L1024 .219v177.152z\"\/>\n\t\t\t\t\t\t\t\t\t<path class=\"st1\" d=\"M1024 177.781H0V39.438l507.699 94.925L1024 39.438v138.343z\"\/>\n\t\t\t\t\t\t\t\t\t<path class=\"st2\" d=\"M1024 177.781H0v-67.892l507.699 24.474L1024 109.889v67.892z\"\/>\n\t\t\t\t\t\t\t\t\t<path class=\"st3\" d=\"M1024 177.781H0v-3.891l507.699-39.526L1024 173.889v3.892z\"\/>\n\t\t\t\t\t\t\t\t<\/svg><\/div><div class=\"fusion-section-separator-spacer\"><div class=\"fusion-section-separator-spacer-height\" style=\"padding-top:17.3828125%;\"><\/div><\/div><style type=\"text\/css\">.fusion-section-separator-1 .fusion-section-separator-svg {margin-left:1.92%;margin-right:1.92%;}@media only screen and (max-width:1024px) {.fusion-section-separator-1 .fusion-section-separator-svg {margin-left:1.92%;margin-right:1.92%;}}@media only screen and (max-width:640px) {.fusion-section-separator-1 .fusion-section-separator-svg {margin-left:1.92%;margin-right:1.92%;}}<\/style><\/div><\/div><style type=\"text\/css\">.fusion-body .fusion-builder-column-0{width:100% !important;margin-top : 0px;margin-bottom : 0px;}.fusion-builder-column-0 > .fusion-column-wrapper {padding-top : 0px !important;padding-right : 0px !important;margin-right : 1.92%;padding-bottom : 0px !important;padding-left : 0px !important;margin-left : 1.92%;}@media only screen and (max-width:1024px) {.fusion-body .fusion-builder-column-0{width:100% !important;order : 0;}.fusion-builder-column-0 > .fusion-column-wrapper {margin-right : 1.92%;margin-left : 1.92%;}}@media only screen and (max-width:640px) {.fusion-body .fusion-builder-column-0{width:100% !important;order : 0;}.fusion-builder-column-0 > .fusion-column-wrapper {margin-right : 1.92%;margin-left : 1.92%;}}<\/style><\/div><\/div><style type=\"text\/css\">.fusion-body .fusion-flex-container.fusion-builder-row-1{ padding-top : 0px;margin-top : 0px;padding-right : 0px;padding-bottom : 0px;margin-bottom : 0px;padding-left : 0px;}<\/style><\/div>\n","protected":false},"excerpt":{"rendered":"","protected":false},"author":3,"featured_media":0,"parent":0,"menu_order":0,"comment_status":"closed","ping_status":"closed","template":"","meta":{"footnotes":""},"class_list":["post-1406","page","type-page","status-publish","hentry"],"_links":{"self":[{"href":"https:\/\/thenoblecare.com\/vi\/wp-json\/wp\/v2\/pages\/1406","targetHints":{"allow":["GET"]}}],"collection":[{"href":"https:\/\/thenoblecare.com\/vi\/wp-json\/wp\/v2\/pages"}],"about":[{"href":"https:\/\/thenoblecare.com\/vi\/wp-json\/wp\/v2\/types\/page"}],"author":[{"embeddable":true,"href":"https:\/\/thenoblecare.com\/vi\/wp-json\/wp\/v2\/users\/3"}],"replies":[{"embeddable":true,"href":"https:\/\/thenoblecare.com\/vi\/wp-json\/wp\/v2\/comments?post=1406"}],"version-history":[{"count":6,"href":"https:\/\/thenoblecare.com\/vi\/wp-json\/wp\/v2\/pages\/1406\/revisions"}],"predecessor-version":[{"id":1908,"href":"https:\/\/thenoblecare.com\/vi\/wp-json\/wp\/v2\/pages\/1406\/revisions\/1908"}],"wp:attachment":[{"href":"https:\/\/thenoblecare.com\/vi\/wp-json\/wp\/v2\/media?parent=1406"}],"curies":[{"name":"wp","href":"https:\/\/api.w.org\/{rel}","templated":true}]}}