{"id":2793,"date":"2025-02-27T11:29:59","date_gmt":"2025-02-27T19:29:59","guid":{"rendered":"https:\/\/thenoblecare.com\/nang-nguc-hinh-mo-neo-nang-nguc-chu-t-nguoc\/"},"modified":"2025-02-27T11:29:59","modified_gmt":"2025-02-27T19:29:59","slug":"nang-nguc-hinh-mo-neo-nang-nguc-chu-t-nguoc","status":"publish","type":"page","link":"https:\/\/thenoblecare.com\/vi\/nang-nguc-hinh-mo-neo-nang-nguc-chu-t-nguoc\/","title":{"rendered":"N\u00e2ng ng\u1ef1c h\u00ecnh m\u1ecf neo &#8211; N\u00e2ng ng\u1ef1c ch\u1eef T ng\u01b0\u1ee3c"},"content":{"rendered":"<p style=\"text-align: center;\"><strong><span style=\"color: #008000;\">N\u00c2NG NG\u1ef0C<\/span><\/strong> ( <span style=\"color: #ff0000;\">INFORCE T OUT<\/span> )<\/p>\n<p style=\"text-align: center;\"><span style=\"color: #0000ff;\"><span style=\"color: #0000ff;\"><span style=\"color: #000000;\">Ph\u01b0\u01a1ng ph\u00e1p n\u00e2ng ng\u1ef1c n\u00e0y c\u00f3<\/span><\/span> <strong><span style=\"color: #0000ff;\">h\u00ecnh d\u1ea1ng m\u1ecf neo<\/span><\/strong><\/span> v\u00e0 c\u00f2n \u0111\u01b0\u1ee3c g\u1ecdi l\u00e0 N\u00e2ng ng\u1ef1c h\u00ecnh m\u1ecf neo ho\u1eb7c <span style=\"color: #0000ff;\"><strong>N\u00e2ng ng\u1ef1c ch\u1eef T ng\u01b0\u1ee3c<\/strong><\/span><\/p>\n<p><img decoding=\"async\" class=\"aligncenter size-full wp-image-2493\" src=\"https:\/\/thenoblecare.com\/wp-content\/uploads\/2025\/02\/005_NCOSC_EnEsVN_Breast-Inverted-T-Lift_1Title.jpg\" alt=\"\" width=\"624\" height=\"61\" srcset=\"https:\/\/thenoblecare.com\/wp-content\/uploads\/2025\/02\/005_NCOSC_EnEsVN_Breast-Inverted-T-Lift_1Title-200x20.jpg 200w, https:\/\/thenoblecare.com\/wp-content\/uploads\/2025\/02\/005_NCOSC_EnEsVN_Breast-Inverted-T-Lift_1Title-300x29.jpg 300w, https:\/\/thenoblecare.com\/wp-content\/uploads\/2025\/02\/005_NCOSC_EnEsVN_Breast-Inverted-T-Lift_1Title-400x39.jpg 400w, https:\/\/thenoblecare.com\/wp-content\/uploads\/2025\/02\/005_NCOSC_EnEsVN_Breast-Inverted-T-Lift_1Title-600x59.jpg 600w, https:\/\/thenoblecare.com\/wp-content\/uploads\/2025\/02\/005_NCOSC_EnEsVN_Breast-Inverted-T-Lift_1Title.jpg 624w\" sizes=\"(max-width: 624px) 100vw, 624px\" \/><\/p>\n<p><img decoding=\"async\" class=\"aligncenter size-full wp-image-2496\" src=\"https:\/\/thenoblecare.com\/wp-content\/uploads\/2025\/02\/005_NCOSC_EnEsVN_Breast-Inverted-T-Lift_2.jpg\" alt=\"\" width=\"624\" height=\"224\" srcset=\"https:\/\/thenoblecare.com\/wp-content\/uploads\/2025\/02\/005_NCOSC_EnEsVN_Breast-Inverted-T-Lift_2-200x72.jpg 200w, https:\/\/thenoblecare.com\/wp-content\/uploads\/2025\/02\/005_NCOSC_EnEsVN_Breast-Inverted-T-Lift_2-300x108.jpg 300w, https:\/\/thenoblecare.com\/wp-content\/uploads\/2025\/02\/005_NCOSC_EnEsVN_Breast-Inverted-T-Lift_2-400x144.jpg 400w, https:\/\/thenoblecare.com\/wp-content\/uploads\/2025\/02\/005_NCOSC_EnEsVN_Breast-Inverted-T-Lift_2-600x215.jpg 600w, https:\/\/thenoblecare.com\/wp-content\/uploads\/2025\/02\/005_NCOSC_EnEsVN_Breast-Inverted-T-Lift_2.jpg 624w\" sizes=\"(max-width: 624px) 100vw, 624px\" \/><\/p>\n<p><img decoding=\"async\" class=\"aligncenter size-full wp-image-2499\" src=\"https:\/\/thenoblecare.com\/wp-content\/uploads\/2025\/02\/005_NCOSC_EnEsVN_Breast-Inverted-T-Lift_3.jpg\" alt=\"\" width=\"624\" height=\"221\" srcset=\"https:\/\/thenoblecare.com\/wp-content\/uploads\/2025\/02\/005_NCOSC_EnEsVN_Breast-Inverted-T-Lift_3-200x71.jpg 200w, https:\/\/thenoblecare.com\/wp-content\/uploads\/2025\/02\/005_NCOSC_EnEsVN_Breast-Inverted-T-Lift_3-300x106.jpg 300w, https:\/\/thenoblecare.com\/wp-content\/uploads\/2025\/02\/005_NCOSC_EnEsVN_Breast-Inverted-T-Lift_3-400x142.jpg 400w, https:\/\/thenoblecare.com\/wp-content\/uploads\/2025\/02\/005_NCOSC_EnEsVN_Breast-Inverted-T-Lift_3-600x213.jpg 600w, https:\/\/thenoblecare.com\/wp-content\/uploads\/2025\/02\/005_NCOSC_EnEsVN_Breast-Inverted-T-Lift_3.jpg 624w\" sizes=\"(max-width: 624px) 100vw, 624px\" \/><\/p>\n<p><img decoding=\"async\" class=\"aligncenter size-full wp-image-2502\" src=\"https:\/\/thenoblecare.com\/wp-content\/uploads\/2025\/02\/005_NCOSC_EnEsVN_Breast-Inverted-T-Lift_4.jpg\" alt=\"\" width=\"624\" height=\"222\" srcset=\"https:\/\/thenoblecare.com\/wp-content\/uploads\/2025\/02\/005_NCOSC_EnEsVN_Breast-Inverted-T-Lift_4-200x71.jpg 200w, https:\/\/thenoblecare.com\/wp-content\/uploads\/2025\/02\/005_NCOSC_EnEsVN_Breast-Inverted-T-Lift_4-300x107.jpg 300w, https:\/\/thenoblecare.com\/wp-content\/uploads\/2025\/02\/005_NCOSC_EnEsVN_Breast-Inverted-T-Lift_4-400x142.jpg 400w, https:\/\/thenoblecare.com\/wp-content\/uploads\/2025\/02\/005_NCOSC_EnEsVN_Breast-Inverted-T-Lift_4-600x213.jpg 600w, https:\/\/thenoblecare.com\/wp-content\/uploads\/2025\/02\/005_NCOSC_EnEsVN_Breast-Inverted-T-Lift_4.jpg 624w\" sizes=\"(max-width: 624px) 100vw, 624px\" \/><\/p>\n<p><img decoding=\"async\" class=\"aligncenter size-full wp-image-2493\" src=\"https:\/\/thenoblecare.com\/wp-content\/uploads\/2025\/02\/005_NCOSC_EnEsVN_Breast-Inverted-T-Lift_1Title.jpg\" alt=\"\" width=\"624\" height=\"61\" srcset=\"https:\/\/thenoblecare.com\/wp-content\/uploads\/2025\/02\/005_NCOSC_EnEsVN_Breast-Inverted-T-Lift_1Title-200x20.jpg 200w, https:\/\/thenoblecare.com\/wp-content\/uploads\/2025\/02\/005_NCOSC_EnEsVN_Breast-Inverted-T-Lift_1Title-300x29.jpg 300w, https:\/\/thenoblecare.com\/wp-content\/uploads\/2025\/02\/005_NCOSC_EnEsVN_Breast-Inverted-T-Lift_1Title-400x39.jpg 400w, https:\/\/thenoblecare.com\/wp-content\/uploads\/2025\/02\/005_NCOSC_EnEsVN_Breast-Inverted-T-Lift_1Title-600x59.jpg 600w, https:\/\/thenoblecare.com\/wp-content\/uploads\/2025\/02\/005_NCOSC_EnEsVN_Breast-Inverted-T-Lift_1Title.jpg 624w\" sizes=\"(max-width: 624px) 100vw, 624px\" \/><\/p>\n<p><img decoding=\"async\" class=\"aligncenter size-full wp-image-2505\" src=\"https:\/\/thenoblecare.com\/wp-content\/uploads\/2025\/02\/005_NCOSC_EnEsVN_Breast-Inverted-T-Lift_5.jpg\" alt=\"\" width=\"624\" height=\"224\" srcset=\"https:\/\/thenoblecare.com\/wp-content\/uploads\/2025\/02\/005_NCOSC_EnEsVN_Breast-Inverted-T-Lift_5-200x72.jpg 200w, https:\/\/thenoblecare.com\/wp-content\/uploads\/2025\/02\/005_NCOSC_EnEsVN_Breast-Inverted-T-Lift_5-300x108.jpg 300w, https:\/\/thenoblecare.com\/wp-content\/uploads\/2025\/02\/005_NCOSC_EnEsVN_Breast-Inverted-T-Lift_5-400x144.jpg 400w, https:\/\/thenoblecare.com\/wp-content\/uploads\/2025\/02\/005_NCOSC_EnEsVN_Breast-Inverted-T-Lift_5-600x215.jpg 600w, https:\/\/thenoblecare.com\/wp-content\/uploads\/2025\/02\/005_NCOSC_EnEsVN_Breast-Inverted-T-Lift_5.jpg 624w\" sizes=\"(max-width: 624px) 100vw, 624px\" \/><\/p>\n<p><img decoding=\"async\" class=\"aligncenter size-full wp-image-2508\" src=\"https:\/\/thenoblecare.com\/wp-content\/uploads\/2025\/02\/005_NCOSC_EnEsVN_Breast-Inverted-T-Lift_6.jpg\" alt=\"\" width=\"624\" height=\"224\" srcset=\"https:\/\/thenoblecare.com\/wp-content\/uploads\/2025\/02\/005_NCOSC_EnEsVN_Breast-Inverted-T-Lift_6-200x72.jpg 200w, https:\/\/thenoblecare.com\/wp-content\/uploads\/2025\/02\/005_NCOSC_EnEsVN_Breast-Inverted-T-Lift_6-300x108.jpg 300w, https:\/\/thenoblecare.com\/wp-content\/uploads\/2025\/02\/005_NCOSC_EnEsVN_Breast-Inverted-T-Lift_6-400x144.jpg 400w, https:\/\/thenoblecare.com\/wp-content\/uploads\/2025\/02\/005_NCOSC_EnEsVN_Breast-Inverted-T-Lift_6-600x215.jpg 600w, https:\/\/thenoblecare.com\/wp-content\/uploads\/2025\/02\/005_NCOSC_EnEsVN_Breast-Inverted-T-Lift_6.jpg 624w\" sizes=\"(max-width: 624px) 100vw, 624px\" \/><\/p>\n<p><img decoding=\"async\" class=\"aligncenter size-full wp-image-2511\" src=\"https:\/\/thenoblecare.com\/wp-content\/uploads\/2025\/02\/005_NCOSC_EnEsVN_Breast-Inverted-T-Lift_7.jpg\" alt=\"\" width=\"624\" height=\"225\" srcset=\"https:\/\/thenoblecare.com\/wp-content\/uploads\/2025\/02\/005_NCOSC_EnEsVN_Breast-Inverted-T-Lift_7-200x72.jpg 200w, https:\/\/thenoblecare.com\/wp-content\/uploads\/2025\/02\/005_NCOSC_EnEsVN_Breast-Inverted-T-Lift_7-300x108.jpg 300w, https:\/\/thenoblecare.com\/wp-content\/uploads\/2025\/02\/005_NCOSC_EnEsVN_Breast-Inverted-T-Lift_7-400x144.jpg 400w, https:\/\/thenoblecare.com\/wp-content\/uploads\/2025\/02\/005_NCOSC_EnEsVN_Breast-Inverted-T-Lift_7-600x216.jpg 600w, https:\/\/thenoblecare.com\/wp-content\/uploads\/2025\/02\/005_NCOSC_EnEsVN_Breast-Inverted-T-Lift_7.jpg 624w\" sizes=\"(max-width: 624px) 100vw, 624px\" \/><\/p>\n<p>&nbsp;<\/p>\n<p>&nbsp;<\/p>\n","protected":false},"excerpt":{"rendered":"<p>N\u00c2NG NG\u1ef0C ( INFORCE T OUT ) Ph\u01b0\u01a1ng ph\u00e1p n\u00e2ng [&hellip;]<\/p>\n","protected":false},"author":3,"featured_media":0,"parent":0,"menu_order":0,"comment_status":"closed","ping_status":"closed","template":"","meta":{"footnotes":""},"class_list":["post-2793","page","type-page","status-publish","hentry"],"_links":{"self":[{"href":"https:\/\/thenoblecare.com\/vi\/wp-json\/wp\/v2\/pages\/2793","targetHints":{"allow":["GET"]}}],"collection":[{"href":"https:\/\/thenoblecare.com\/vi\/wp-json\/wp\/v2\/pages"}],"about":[{"href":"https:\/\/thenoblecare.com\/vi\/wp-json\/wp\/v2\/types\/page"}],"author":[{"embeddable":true,"href":"https:\/\/thenoblecare.com\/vi\/wp-json\/wp\/v2\/users\/3"}],"replies":[{"embeddable":true,"href":"https:\/\/thenoblecare.com\/vi\/wp-json\/wp\/v2\/comments?post=2793"}],"version-history":[{"count":0,"href":"https:\/\/thenoblecare.com\/vi\/wp-json\/wp\/v2\/pages\/2793\/revisions"}],"wp:attachment":[{"href":"https:\/\/thenoblecare.com\/vi\/wp-json\/wp\/v2\/media?parent=2793"}],"curies":[{"name":"wp","href":"https:\/\/api.w.org\/{rel}","templated":true}]}}